{"id":3,"date":"2025-04-03T19:39:56","date_gmt":"2025-04-03T18:39:56","guid":{"rendered":"http:\/\/astrenya.com\/?page_id=3"},"modified":"2025-04-15T13:34:42","modified_gmt":"2025-04-15T12:34:42","slug":"politica-de-privacidad","status":"publish","type":"page","link":"https:\/\/astrenya.com\/es\/politica-de-privacidad\/","title":{"rendered":"Pol\u00edtica de privacidad"},"content":{"rendered":"<p class=\"\" data-start=\"344\" data-end=\"375\"><strong data-start=\"344\" data-end=\"361\">\u00daltima actualizaci\u00f3n:<\/strong> 15 de abril de 2025<\/p>\n<p class=\"\" data-start=\"377\" data-end=\"542\">Su privacidad es importante para nosotros. Esta Pol\u00edtica de Privacidad explica c\u00f3mo se recoge, utiliza y protege la informaci\u00f3n sobre usted cuando visita este sitio web (astrenya.com).<\/p>\n<hr class=\"\" data-start=\"544\" data-end=\"547\" \/>\n<h3 class=\"\" data-start=\"549\" data-end=\"582\"><strong data-start=\"553\" data-end=\"582\">1. Informaci\u00f3n que recopilamos<\/strong><\/h3>\n<p class=\"\" data-start=\"584\" data-end=\"695\">Podemos recopilar informaci\u00f3n personal que usted nos facilite voluntariamente, como su nombre y direcci\u00f3n de correo electr\u00f3nico, cuando:<\/p>\n<ul data-start=\"696\" data-end=\"774\">\n<li class=\"\" data-start=\"696\" data-end=\"722\">\n<p class=\"\" data-start=\"698\" data-end=\"722\">Suscr\u00edbase a un bolet\u00edn<\/p>\n<\/li>\n<li class=\"\" data-start=\"723\" data-end=\"746\">\n<p class=\"\" data-start=\"725\" data-end=\"746\">Enviar un formulario de contacto<\/p>\n<\/li>\n<li class=\"\" data-start=\"747\" data-end=\"774\">\n<p class=\"\" data-start=\"749\" data-end=\"774\">Dejar un comentario<\/p>\n<\/li>\n<\/ul>\n<p class=\"\" data-start=\"776\" data-end=\"856\">Tambi\u00e9n recopilamos informaci\u00f3n no personal de forma autom\u00e1tica a trav\u00e9s de cookies, como:<\/p>\n<ul data-start=\"857\" data-end=\"965\">\n<li class=\"\" data-start=\"857\" data-end=\"876\">\n<p class=\"\" data-start=\"859\" data-end=\"876\">Tipo de navegador<\/p>\n<\/li>\n<li class=\"\" data-start=\"877\" data-end=\"892\">\n<p class=\"\" data-start=\"879\" data-end=\"892\">P\u00e1ginas visitadas<\/p>\n<\/li>\n<li class=\"\" data-start=\"893\" data-end=\"917\">\n<p class=\"\" data-start=\"895\" data-end=\"917\">Tiempo pasado en el sitio<\/p>\n<\/li>\n<li class=\"\" data-start=\"918\" data-end=\"965\">\n<p class=\"\" data-start=\"920\" data-end=\"965\">Datos generales de localizaci\u00f3n (por ejemplo, ciudad o pa\u00eds)<\/p>\n<\/li>\n<\/ul>\n<hr class=\"\" data-start=\"967\" data-end=\"970\" \/>\n<h3 class=\"\" data-start=\"972\" data-end=\"1010\"><strong data-start=\"976\" data-end=\"1010\">2. C\u00f3mo utilizamos su informaci\u00f3n<\/strong><\/h3>\n<p class=\"\" data-start=\"1012\" data-end=\"1049\">Utilizamos la informaci\u00f3n que recopilamos para:<\/p>\n<ul data-start=\"1050\" data-end=\"1249\">\n<li class=\"\" data-start=\"1050\" data-end=\"1089\">\n<p class=\"\" data-start=\"1052\" data-end=\"1089\">Responder a sus mensajes o preguntas<\/p>\n<\/li>\n<li class=\"\" data-start=\"1090\" data-end=\"1148\">\n<p class=\"\" data-start=\"1092\" data-end=\"1148\">Enviar correos electr\u00f3nicos ocasionales (si se ha suscrito para recibir actualizaciones)<\/p>\n<\/li>\n<li class=\"\" data-start=\"1149\" data-end=\"1201\">\n<p class=\"\" data-start=\"1151\" data-end=\"1201\">Mejorar el contenido y el rendimiento del sitio web<\/p>\n<\/li>\n<li class=\"\" data-start=\"1202\" data-end=\"1249\">\n<p class=\"\" data-start=\"1204\" data-end=\"1249\">Supervisar el tr\u00e1fico y el uso mediante herramientas de an\u00e1lisis<\/p>\n<\/li>\n<\/ul>\n<hr class=\"\" data-start=\"1251\" data-end=\"1254\" \/>\n<h3 class=\"\" data-start=\"1256\" data-end=\"1274\"><strong data-start=\"1260\" data-end=\"1274\">3. Cookies<\/strong><\/h3>\n<p class=\"\" data-start=\"1276\" data-end=\"1534\">Este sitio utiliza cookies y tecnolog\u00edas de seguimiento similares para mejorar su experiencia. Puede configurar su navegador para que rechace todas o algunas cookies o para que le avise cuando se env\u00eden cookies. Si desactiva las cookies, es posible que algunas partes del sitio no funcionen correctamente.<\/p>\n<hr class=\"\" data-start=\"1536\" data-end=\"1539\" \/>\n<h3 class=\"\" data-start=\"1541\" data-end=\"1582\"><strong data-start=\"1545\" data-end=\"1582\">4. Herramientas y servicios de terceros<\/strong><\/h3>\n<p class=\"\" data-start=\"1584\" data-end=\"1625\">Podemos utilizar servicios de terceros, como:<\/p>\n<ul data-start=\"1626\" data-end=\"1793\">\n<li class=\"\" data-start=\"1626\" data-end=\"1695\">\n<p class=\"\" data-start=\"1628\" data-end=\"1695\"><strong data-start=\"1628\" data-end=\"1648\">Google Analytics<\/strong> comprender c\u00f3mo interact\u00faan los usuarios con el sitio<\/p>\n<\/li>\n<li class=\"\" data-start=\"1696\" data-end=\"1793\">\n<p class=\"\" data-start=\"1698\" data-end=\"1793\"><strong data-start=\"1698\" data-end=\"1720\">Programas de afiliaci\u00f3n<\/strong> (por ejemplo, Amazon, ShareASale) que pueden colocar cookies con fines de seguimiento<\/p>\n<\/li>\n<\/ul>\n<p class=\"\" data-start=\"1795\" data-end=\"1873\">Estos servicios pueden recopilar datos de acuerdo con sus propias pol\u00edticas de privacidad.<\/p>\n<hr class=\"\" data-start=\"1875\" data-end=\"1878\" \/>\n<h3 class=\"\" data-start=\"1880\" data-end=\"1911\"><strong data-start=\"1884\" data-end=\"1911\">5. Divulgaci\u00f3n de afiliaci\u00f3n<\/strong><\/h3>\n<p class=\"\" data-start=\"1913\" data-end=\"2146\">Algunos enlaces de este sitio son enlaces de afiliados. Si hace clic en un enlace de afiliado y realiza una compra, es posible que ganemos una peque\u00f1a comisi\u00f3n sin coste adicional para usted. S\u00f3lo recomendamos productos en los que confiamos y que creemos que pueden ser \u00fatiles para nuestros lectores.<\/p>\n<hr class=\"\" data-start=\"2148\" data-end=\"2151\" \/>\n<h3 class=\"\" data-start=\"2153\" data-end=\"2175\"><strong data-start=\"2157\" data-end=\"2175\">6. Sus derechos<\/strong><\/h3>\n<p class=\"\" data-start=\"2177\" data-end=\"2185\">T\u00fa puedes:<\/p>\n<ul data-start=\"2186\" data-end=\"2316\">\n<li class=\"\" data-start=\"2186\" data-end=\"2224\">\n<p class=\"\" data-start=\"2188\" data-end=\"2224\">Solicitar acceso a sus datos personales<\/p>\n<\/li>\n<li class=\"\" data-start=\"2225\" data-end=\"2264\">\n<p class=\"\" data-start=\"2227\" data-end=\"2264\">Pedirnos que corrijamos o eliminemos sus datos<\/p>\n<\/li>\n<li class=\"\" data-start=\"2265\" data-end=\"2316\">\n<p class=\"\" data-start=\"2267\" data-end=\"2316\">Darse de baja de cualquier correo electr\u00f3nico publicitario en cualquier momento<\/p>\n<\/li>\n<\/ul>\n<p class=\"\" data-start=\"2318\" data-end=\"2393\">Para realizar cualquiera de estas solicitudes, p\u00f3ngase en contacto con nosotros en [insertar direcci\u00f3n de correo electr\u00f3nico].<\/p>\n<hr class=\"\" data-start=\"2395\" data-end=\"2398\" \/>\n<h3 class=\"\" data-start=\"2400\" data-end=\"2424\"><strong data-start=\"2404\" data-end=\"2424\">7. 7. Seguridad de los datos<\/strong><\/h3>\n<p class=\"\" data-start=\"2426\" data-end=\"2556\">Tomamos medidas razonables para proteger su informaci\u00f3n, pero no podemos garantizar la seguridad absoluta de los datos transmitidos por Internet.<\/p>\n<hr class=\"\" data-start=\"2558\" data-end=\"2561\" \/>\n<h3 class=\"\" data-start=\"2563\" data-end=\"2596\"><strong data-start=\"2567\" data-end=\"2596\">8. Cambios en esta pol\u00edtica<\/strong><\/h3>\n<p class=\"\" data-start=\"2598\" data-end=\"2713\">Podemos actualizar esta Pol\u00edtica de Privacidad de vez en cuando. Las actualizaciones se publicar\u00e1n en esta p\u00e1gina con una nueva fecha de entrada en vigor.<\/p>\n<hr class=\"\" data-start=\"2715\" data-end=\"2718\" \/>\n<h3 class=\"\" data-start=\"2720\" data-end=\"2738\"><strong data-start=\"2724\" data-end=\"2738\">9. Contacto<\/strong><\/h3>\n<p class=\"\" data-start=\"2740\" data-end=\"2848\">Si tiene alguna pregunta sobre esta Pol\u00edtica de privacidad, no dude en ponerse en contacto con nosotros.<br data-start=\"2820\" data-end=\"2823\" \/><a href=\"\/es\/pongase-en-contacto-con\/\"><strong>P\u00e1gina de contacto<\/strong><\/a><\/p>","protected":false},"excerpt":{"rendered":"<p>\u00daltima actualizaci\u00f3n: 15 de abril de 2025 Su privacidad es importante para nosotros. Esta pol\u00edtica de privacidad explica c\u00f3mo se recopila, utiliza y protege la informaci\u00f3n sobre usted cuando visita este sitio web (astrenya.com).....<\/p>","protected":false},"author":1,"featured_media":0,"parent":0,"menu_order":0,"comment_status":"closed","ping_status":"open","template":"","meta":{"_lmt_disableupdate":"no","_lmt_disable":"","footnotes":""},"class_list":["post-3","page","type-page","status-publish","hentry"],"yoast_head":"<!-- This site is optimized with the Yoast SEO plugin v25.5 - https:\/\/yoast.com\/wordpress\/plugins\/seo\/ -->\n<title>Privacy Policy - Astrenya<\/title>\n<meta name=\"robots\" content=\"index, follow, max-snippet:-1, max-image-preview:large, max-video-preview:-1\" \/>\n<link rel=\"canonical\" href=\"http:\/\/astrenya.com\/es\/politica-de-privacidad\/\" \/>\n<meta property=\"og:locale\" content=\"es_ES\" \/>\n<meta property=\"og:type\" content=\"article\" \/>\n<meta property=\"og:title\" content=\"Privacy Policy - Astrenya\" \/>\n<meta property=\"og:description\" content=\"Last updated: April 15 2025 Your privacy is important to us. This Privacy Policy explains how information about you is collected, used, and protected when you visit this website (astrenya.com).&hellip;\" \/>\n<meta property=\"og:url\" content=\"http:\/\/astrenya.com\/es\/politica-de-privacidad\/\" \/>\n<meta property=\"og:site_name\" content=\"Astrenya\" \/>\n<meta property=\"article:modified_time\" content=\"2025-04-15T12:34:42+00:00\" \/>\n<meta name=\"twitter:card\" content=\"summary_large_image\" \/>\n<meta name=\"twitter:label1\" content=\"Tiempo de lectura\" \/>\n\t<meta name=\"twitter:data1\" content=\"2 minutos\" \/>\n<script type=\"application\/ld+json\" class=\"yoast-schema-graph\">{\"@context\":\"https:\/\/schema.org\",\"@graph\":[{\"@type\":\"WebPage\",\"@id\":\"http:\/\/astrenya.com\/privacy-policy\/\",\"url\":\"http:\/\/astrenya.com\/privacy-policy\/\",\"name\":\"Privacy Policy - Astrenya\",\"isPartOf\":{\"@id\":\"https:\/\/astrenya.com\/#website\"},\"datePublished\":\"2025-04-03T18:39:56+00:00\",\"dateModified\":\"2025-04-15T12:34:42+00:00\",\"breadcrumb\":{\"@id\":\"http:\/\/astrenya.com\/privacy-policy\/#breadcrumb\"},\"inLanguage\":\"es\",\"potentialAction\":[{\"@type\":\"ReadAction\",\"target\":[\"http:\/\/astrenya.com\/privacy-policy\/\"]}]},{\"@type\":\"BreadcrumbList\",\"@id\":\"http:\/\/astrenya.com\/privacy-policy\/#breadcrumb\",\"itemListElement\":[{\"@type\":\"ListItem\",\"position\":1,\"name\":\"Home\",\"item\":\"https:\/\/astrenya.com\/\"},{\"@type\":\"ListItem\",\"position\":2,\"name\":\"Privacy Policy\"}]},{\"@type\":\"WebSite\",\"@id\":\"https:\/\/astrenya.com\/#website\",\"url\":\"https:\/\/astrenya.com\/\",\"name\":\"Astrenya\",\"description\":\"The past, the now and the future\",\"publisher\":{\"@id\":\"https:\/\/astrenya.com\/#\/schema\/person\/d3a1a8d8dc645e3aaa5ed5f40b0b676c\"},\"potentialAction\":[{\"@type\":\"SearchAction\",\"target\":{\"@type\":\"EntryPoint\",\"urlTemplate\":\"https:\/\/astrenya.com\/?s={search_term_string}\"},\"query-input\":{\"@type\":\"PropertyValueSpecification\",\"valueRequired\":true,\"valueName\":\"search_term_string\"}}],\"inLanguage\":\"es\"},{\"@type\":[\"Person\",\"Organization\"],\"@id\":\"https:\/\/astrenya.com\/#\/schema\/person\/d3a1a8d8dc645e3aaa5ed5f40b0b676c\",\"name\":\"Ada\",\"image\":{\"@type\":\"ImageObject\",\"inLanguage\":\"es\",\"@id\":\"https:\/\/astrenya.com\/#\/schema\/person\/image\/\",\"url\":\"http:\/\/astrenya.com\/wp-content\/uploads\/2025\/04\/cropped-profile-picture-ada-96x96.jpg\",\"contentUrl\":\"http:\/\/astrenya.com\/wp-content\/uploads\/2025\/04\/cropped-profile-picture-ada-96x96.jpg\",\"caption\":\"Ada\"},\"logo\":{\"@id\":\"https:\/\/astrenya.com\/#\/schema\/person\/image\/\"},\"description\":\"Hi, I'm a Ada! A European woman living in the US with a lifelong fascination for the mystical. Over the years, I've explored tarot, palmistry, and various spiritual practices, always seeking deeper understanding and connection. This site is a reflection of that journey\u2014a place where I share insights, experiences, and guidance. A place to connect with like-minded people.\",\"sameAs\":[\"http:\/\/astrenya.com\"]}]}<\/script>\n<!-- \/ Yoast SEO plugin. -->","yoast_head_json":{"title":"Pol\u00edtica de privacidad - Astrenya","robots":{"index":"index","follow":"follow","max-snippet":"max-snippet:-1","max-image-preview":"max-image-preview:large","max-video-preview":"max-video-preview:-1"},"canonical":"http:\/\/astrenya.com\/es\/politica-de-privacidad\/","og_locale":"es_ES","og_type":"article","og_title":"Privacy Policy - Astrenya","og_description":"Last updated: April 15 2025 Your privacy is important to us. This Privacy Policy explains how information about you is collected, used, and protected when you visit this website (astrenya.com).&hellip;","og_url":"http:\/\/astrenya.com\/es\/politica-de-privacidad\/","og_site_name":"Astrenya","article_modified_time":"2025-04-15T12:34:42+00:00","twitter_card":"summary_large_image","twitter_misc":{"Tiempo de lectura":"2 minutos"},"schema":{"@context":"https:\/\/schema.org","@graph":[{"@type":"WebPage","@id":"http:\/\/astrenya.com\/privacy-policy\/","url":"http:\/\/astrenya.com\/privacy-policy\/","name":"Pol\u00edtica de privacidad - Astrenya","isPartOf":{"@id":"https:\/\/astrenya.com\/#website"},"datePublished":"2025-04-03T18:39:56+00:00","dateModified":"2025-04-15T12:34:42+00:00","breadcrumb":{"@id":"http:\/\/astrenya.com\/privacy-policy\/#breadcrumb"},"inLanguage":"es","potentialAction":[{"@type":"ReadAction","target":["http:\/\/astrenya.com\/privacy-policy\/"]}]},{"@type":"BreadcrumbList","@id":"http:\/\/astrenya.com\/privacy-policy\/#breadcrumb","itemListElement":[{"@type":"ListItem","position":1,"name":"Home","item":"https:\/\/astrenya.com\/"},{"@type":"ListItem","position":2,"name":"Privacy Policy"}]},{"@type":"WebSite","@id":"https:\/\/astrenya.com\/#website","url":"https:\/\/astrenya.com\/","name":"Astrenya","description":"El pasado, el presente y el futuro","publisher":{"@id":"https:\/\/astrenya.com\/#\/schema\/person\/d3a1a8d8dc645e3aaa5ed5f40b0b676c"},"potentialAction":[{"@type":"SearchAction","target":{"@type":"EntryPoint","urlTemplate":"https:\/\/astrenya.com\/?s={search_term_string}"},"query-input":{"@type":"PropertyValueSpecification","valueRequired":true,"valueName":"search_term_string"}}],"inLanguage":"es"},{"@type":["Person","Organization"],"@id":"https:\/\/astrenya.com\/#\/schema\/person\/d3a1a8d8dc645e3aaa5ed5f40b0b676c","name":"Ada","image":{"@type":"ImageObject","inLanguage":"es","@id":"https:\/\/astrenya.com\/#\/schema\/person\/image\/","url":"http:\/\/astrenya.com\/wp-content\/uploads\/2025\/04\/cropped-profile-picture-ada-96x96.jpg","contentUrl":"http:\/\/astrenya.com\/wp-content\/uploads\/2025\/04\/cropped-profile-picture-ada-96x96.jpg","caption":"Ada"},"logo":{"@id":"https:\/\/astrenya.com\/#\/schema\/person\/image\/"},"description":"Hola, soy Ada. Una mujer europea que vive en los EE.UU. con una fascinaci\u00f3n de toda la vida por lo m\u00edstico. A lo largo de los a\u00f1os, he explorado el tarot, la quiromancia y diversas pr\u00e1cticas espirituales, siempre en busca de una comprensi\u00f3n y una conexi\u00f3n m\u00e1s profundas. Este sitio es un reflejo de ese viaje, un lugar donde comparto ideas, experiencias y orientaci\u00f3n. Un lugar para conectar con personas de ideas afines.","sameAs":["http:\/\/astrenya.com"]}]}},"_links":{"self":[{"href":"https:\/\/astrenya.com\/es\/wp-json\/wp\/v2\/pages\/3","targetHints":{"allow":["GET"]}}],"collection":[{"href":"https:\/\/astrenya.com\/es\/wp-json\/wp\/v2\/pages"}],"about":[{"href":"https:\/\/astrenya.com\/es\/wp-json\/wp\/v2\/types\/page"}],"author":[{"embeddable":true,"href":"https:\/\/astrenya.com\/es\/wp-json\/wp\/v2\/users\/1"}],"replies":[{"embeddable":true,"href":"https:\/\/astrenya.com\/es\/wp-json\/wp\/v2\/comments?post=3"}],"version-history":[{"count":0,"href":"https:\/\/astrenya.com\/es\/wp-json\/wp\/v2\/pages\/3\/revisions"}],"wp:attachment":[{"href":"https:\/\/astrenya.com\/es\/wp-json\/wp\/v2\/media?parent=3"}],"curies":[{"name":"wp","href":"https:\/\/api.w.org\/{rel}","templated":true}]}}