{"id":573,"date":"2025-04-12T10:42:56","date_gmt":"2025-04-12T09:42:56","guid":{"rendered":"https:\/\/astrenya.com\/?page_id=573"},"modified":"2025-04-12T10:42:56","modified_gmt":"2025-04-12T09:42:56","slug":"espiritualidad","status":"publish","type":"page","link":"https:\/\/astrenya.com\/es\/espiritualidad\/","title":{"rendered":"Espiritualidad"},"content":{"rendered":"","protected":false},"excerpt":{"rendered":"","protected":false},"author":1,"featured_media":0,"parent":0,"menu_order":0,"comment_status":"closed","ping_status":"closed","template":"","meta":{"_lmt_disableupdate":"","_lmt_disable":"","footnotes":""},"class_list":["post-573","page","type-page","status-publish","hentry"],"yoast_head":"<!-- This site is optimized with the Yoast SEO plugin v25.5 - https:\/\/yoast.com\/wordpress\/plugins\/seo\/ -->\n<title>Spirituality - Astrenya<\/title>\n<meta name=\"robots\" content=\"index, follow, max-snippet:-1, max-image-preview:large, max-video-preview:-1\" \/>\n<link rel=\"canonical\" href=\"http:\/\/astrenya.com\/es\/espiritualidad\/\" \/>\n<meta property=\"og:locale\" content=\"es_ES\" \/>\n<meta property=\"og:type\" content=\"article\" \/>\n<meta property=\"og:title\" content=\"Spirituality - Astrenya\" \/>\n<meta property=\"og:url\" content=\"http:\/\/astrenya.com\/es\/espiritualidad\/\" \/>\n<meta property=\"og:site_name\" content=\"Astrenya\" \/>\n<meta name=\"twitter:card\" content=\"summary_large_image\" \/>\n<script type=\"application\/ld+json\" class=\"yoast-schema-graph\">{\"@context\":\"https:\/\/schema.org\",\"@graph\":[{\"@type\":\"WebPage\",\"@id\":\"http:\/\/astrenya.com\/spirituality\/\",\"url\":\"http:\/\/astrenya.com\/spirituality\/\",\"name\":\"Spirituality - Astrenya\",\"isPartOf\":{\"@id\":\"https:\/\/astrenya.com\/#website\"},\"datePublished\":\"2025-04-12T09:42:56+00:00\",\"breadcrumb\":{\"@id\":\"http:\/\/astrenya.com\/spirituality\/#breadcrumb\"},\"inLanguage\":\"es\",\"potentialAction\":[{\"@type\":\"ReadAction\",\"target\":[\"http:\/\/astrenya.com\/spirituality\/\"]}]},{\"@type\":\"BreadcrumbList\",\"@id\":\"http:\/\/astrenya.com\/spirituality\/#breadcrumb\",\"itemListElement\":[{\"@type\":\"ListItem\",\"position\":1,\"name\":\"Home\",\"item\":\"https:\/\/astrenya.com\/\"},{\"@type\":\"ListItem\",\"position\":2,\"name\":\"Spirituality\"}]},{\"@type\":\"WebSite\",\"@id\":\"https:\/\/astrenya.com\/#website\",\"url\":\"https:\/\/astrenya.com\/\",\"name\":\"Astrenya\",\"description\":\"The past, the now and the future\",\"publisher\":{\"@id\":\"https:\/\/astrenya.com\/#\/schema\/person\/d3a1a8d8dc645e3aaa5ed5f40b0b676c\"},\"potentialAction\":[{\"@type\":\"SearchAction\",\"target\":{\"@type\":\"EntryPoint\",\"urlTemplate\":\"https:\/\/astrenya.com\/?s={search_term_string}\"},\"query-input\":{\"@type\":\"PropertyValueSpecification\",\"valueRequired\":true,\"valueName\":\"search_term_string\"}}],\"inLanguage\":\"es\"},{\"@type\":[\"Person\",\"Organization\"],\"@id\":\"https:\/\/astrenya.com\/#\/schema\/person\/d3a1a8d8dc645e3aaa5ed5f40b0b676c\",\"name\":\"Ada\",\"image\":{\"@type\":\"ImageObject\",\"inLanguage\":\"es\",\"@id\":\"https:\/\/astrenya.com\/#\/schema\/person\/image\/\",\"url\":\"http:\/\/astrenya.com\/wp-content\/uploads\/2025\/04\/cropped-profile-picture-ada-96x96.jpg\",\"contentUrl\":\"http:\/\/astrenya.com\/wp-content\/uploads\/2025\/04\/cropped-profile-picture-ada-96x96.jpg\",\"caption\":\"Ada\"},\"logo\":{\"@id\":\"https:\/\/astrenya.com\/#\/schema\/person\/image\/\"},\"description\":\"Hi, I'm a Ada! A European woman living in the US with a lifelong fascination for the mystical. Over the years, I've explored tarot, palmistry, and various spiritual practices, always seeking deeper understanding and connection. This site is a reflection of that journey\u2014a place where I share insights, experiences, and guidance. A place to connect with like-minded people.\",\"sameAs\":[\"http:\/\/astrenya.com\"]}]}<\/script>\n<!-- \/ Yoast SEO plugin. -->","yoast_head_json":{"title":"Espiritualidad - Astrenya","robots":{"index":"index","follow":"follow","max-snippet":"max-snippet:-1","max-image-preview":"max-image-preview:large","max-video-preview":"max-video-preview:-1"},"canonical":"http:\/\/astrenya.com\/es\/espiritualidad\/","og_locale":"es_ES","og_type":"article","og_title":"Spirituality - Astrenya","og_url":"http:\/\/astrenya.com\/es\/espiritualidad\/","og_site_name":"Astrenya","twitter_card":"summary_large_image","schema":{"@context":"https:\/\/schema.org","@graph":[{"@type":"WebPage","@id":"http:\/\/astrenya.com\/spirituality\/","url":"http:\/\/astrenya.com\/spirituality\/","name":"Espiritualidad - Astrenya","isPartOf":{"@id":"https:\/\/astrenya.com\/#website"},"datePublished":"2025-04-12T09:42:56+00:00","breadcrumb":{"@id":"http:\/\/astrenya.com\/spirituality\/#breadcrumb"},"inLanguage":"es","potentialAction":[{"@type":"ReadAction","target":["http:\/\/astrenya.com\/spirituality\/"]}]},{"@type":"BreadcrumbList","@id":"http:\/\/astrenya.com\/spirituality\/#breadcrumb","itemListElement":[{"@type":"ListItem","position":1,"name":"Home","item":"https:\/\/astrenya.com\/"},{"@type":"ListItem","position":2,"name":"Spirituality"}]},{"@type":"WebSite","@id":"https:\/\/astrenya.com\/#website","url":"https:\/\/astrenya.com\/","name":"Astrenya","description":"El pasado, el presente y el futuro","publisher":{"@id":"https:\/\/astrenya.com\/#\/schema\/person\/d3a1a8d8dc645e3aaa5ed5f40b0b676c"},"potentialAction":[{"@type":"SearchAction","target":{"@type":"EntryPoint","urlTemplate":"https:\/\/astrenya.com\/?s={search_term_string}"},"query-input":{"@type":"PropertyValueSpecification","valueRequired":true,"valueName":"search_term_string"}}],"inLanguage":"es"},{"@type":["Person","Organization"],"@id":"https:\/\/astrenya.com\/#\/schema\/person\/d3a1a8d8dc645e3aaa5ed5f40b0b676c","name":"Ada","image":{"@type":"ImageObject","inLanguage":"es","@id":"https:\/\/astrenya.com\/#\/schema\/person\/image\/","url":"http:\/\/astrenya.com\/wp-content\/uploads\/2025\/04\/cropped-profile-picture-ada-96x96.jpg","contentUrl":"http:\/\/astrenya.com\/wp-content\/uploads\/2025\/04\/cropped-profile-picture-ada-96x96.jpg","caption":"Ada"},"logo":{"@id":"https:\/\/astrenya.com\/#\/schema\/person\/image\/"},"description":"Hola, soy Ada. Una mujer europea que vive en los EE.UU. con una fascinaci\u00f3n de toda la vida por lo m\u00edstico. A lo largo de los a\u00f1os, he explorado el tarot, la quiromancia y diversas pr\u00e1cticas espirituales, siempre en busca de una comprensi\u00f3n y una conexi\u00f3n m\u00e1s profundas. Este sitio es un reflejo de ese viaje, un lugar donde comparto ideas, experiencias y orientaci\u00f3n. Un lugar para conectar con personas de ideas afines.","sameAs":["http:\/\/astrenya.com"]}]}},"_links":{"self":[{"href":"https:\/\/astrenya.com\/es\/wp-json\/wp\/v2\/pages\/573","targetHints":{"allow":["GET"]}}],"collection":[{"href":"https:\/\/astrenya.com\/es\/wp-json\/wp\/v2\/pages"}],"about":[{"href":"https:\/\/astrenya.com\/es\/wp-json\/wp\/v2\/types\/page"}],"author":[{"embeddable":true,"href":"https:\/\/astrenya.com\/es\/wp-json\/wp\/v2\/users\/1"}],"replies":[{"embeddable":true,"href":"https:\/\/astrenya.com\/es\/wp-json\/wp\/v2\/comments?post=573"}],"version-history":[{"count":0,"href":"https:\/\/astrenya.com\/es\/wp-json\/wp\/v2\/pages\/573\/revisions"}],"wp:attachment":[{"href":"https:\/\/astrenya.com\/es\/wp-json\/wp\/v2\/media?parent=573"}],"curies":[{"name":"wp","href":"https:\/\/api.w.org\/{rel}","templated":true}]}}