{"id":672,"date":"2025-04-15T13:33:01","date_gmt":"2025-04-15T12:33:01","guid":{"rendered":"https:\/\/astrenya.com\/?page_id=672"},"modified":"2025-04-15T13:33:59","modified_gmt":"2025-04-15T12:33:59","slug":"condiciones-del-servicio","status":"publish","type":"page","link":"https:\/\/astrenya.com\/es\/condiciones-del-servicio\/","title":{"rendered":"Condiciones de uso"},"content":{"rendered":"<h1 class=\"\" data-start=\"263\" data-end=\"281\">Condiciones de uso<\/h1>\n<p class=\"\" data-start=\"283\" data-end=\"316\"><strong data-start=\"283\" data-end=\"302\">Fecha de entrada en vigor:<\/strong> 15 de abril de 2025<\/p>\n<p class=\"\" data-start=\"318\" data-end=\"557\">Bienvenido a <strong data-start=\"329\" data-end=\"345\">astrenya.com<\/strong>. Al utilizar este sitio web, usted acepta los siguientes t\u00e9rminos y condiciones. L\u00e9alas atentamente antes de utilizar el sitio. Si no est\u00e1 de acuerdo con alguna parte de estas condiciones, le rogamos que deje de utilizar el sitio web.<\/p>\n<hr class=\"\" data-start=\"559\" data-end=\"562\" \/>\n<h2 class=\"\" data-start=\"564\" data-end=\"584\">1. Uso del sitio web<\/h2>\n<p class=\"\" data-start=\"586\" data-end=\"831\">Este sitio web y su contenido se facilitan \u00fanicamente con fines informativos generales. Al acceder a este sitio, usted se compromete a utilizarlo \u00fanicamente con fines l\u00edcitos y de una manera que no infrinja los derechos ni restrinja el uso de este sitio por parte de terceros.<\/p>\n<hr class=\"\" data-start=\"833\" data-end=\"836\" \/>\n<h2 class=\"\" data-start=\"838\" data-end=\"865\">2. 2. Propiedad intelectual<\/h2>\n<p class=\"\" data-start=\"867\" data-end=\"1152\">A menos que se indique lo contrario, todo el contenido de este sitio -incluidos textos, im\u00e1genes, gr\u00e1ficos, logotipos y material descargable- es propiedad del propietario del sitio y est\u00e1 protegido por las leyes de derechos de autor y propiedad intelectual. Queda terminantemente prohibido el uso o reproducci\u00f3n no autorizados de los contenidos.<\/p>\n<hr class=\"\" data-start=\"1154\" data-end=\"1157\" \/>\n<h2 class=\"\" data-start=\"1159\" data-end=\"1187\">3. Sin asesoramiento profesional<\/h2>\n<p class=\"\" data-start=\"1189\" data-end=\"1493\">El contenido de este sitio pretende ofrecer orientaci\u00f3n general y perspectivas personales relacionadas con las pr\u00e1cticas espirituales e intuitivas. No sustituye el asesoramiento profesional en \u00e1reas como la salud, las finanzas, el derecho o la salud mental. Consulte siempre a un profesional cualificado para obtener asesoramiento espec\u00edfico.<\/p>\n<hr class=\"\" data-start=\"1495\" data-end=\"1498\" \/>\n<h2 class=\"\" data-start=\"1500\" data-end=\"1531\">4. Comentarios y contenidos de los usuarios<\/h2>\n<p class=\"\" data-start=\"1533\" data-end=\"1840\">Le invitamos a participar en el contenido dejando comentarios o enviando mensajes, siempre que el contenido que comparta sea respetuoso, legal y no viole los derechos de terceros. Nos reservamos el derecho a eliminar cualquier comentario o contenido ofensivo, inapropiado o irrelevante a nuestra discreci\u00f3n.<\/p>\n<hr class=\"\" data-start=\"1842\" data-end=\"1845\" \/>\n<h2 class=\"\" data-start=\"1847\" data-end=\"1867\">5. 5. Enlaces externos<\/h2>\n<p class=\"\" data-start=\"1869\" data-end=\"2105\">Este sitio web puede incluir enlaces a sitios web de terceros para su comodidad o como referencia. No somos responsables del contenido, la disponibilidad o las pr\u00e1cticas de privacidad de los sitios externos y no los respaldamos ni asumimos responsabilidad alguna por ellos.<\/p>\n<hr class=\"\" data-start=\"2107\" data-end=\"2110\" \/>\n<h2 class=\"\" data-start=\"2112\" data-end=\"2141\">6. Limitaci\u00f3n de responsabilidad<\/h2>\n<p class=\"\" data-start=\"2143\" data-end=\"2424\">No garantizamos la exactitud, fiabilidad o integridad del contenido del sitio. En ning\u00fan caso astrenya.com o su propietario ser\u00e1n responsables de ning\u00fan da\u00f1o directo, indirecto, incidental o consecuente que resulte del uso o de la incapacidad de usar este sitio web.<\/p>\n<hr class=\"\" data-start=\"2426\" data-end=\"2429\" \/>\n<h2 class=\"\" data-start=\"2431\" data-end=\"2462\">7. Modificaciones del presente Acuerdo<\/h2>\n<p class=\"\" data-start=\"2464\" data-end=\"2740\">Nos reservamos el derecho a actualizar o modificar estas Condiciones del servicio en cualquier momento y sin previo aviso. Es su responsabilidad revisar esta p\u00e1gina peri\u00f3dicamente para comprobar si se han producido cambios. El uso continuado del sitio web tras la publicaci\u00f3n de los cambios constituye su aceptaci\u00f3n de los t\u00e9rminos revisados.<\/p>\n<hr class=\"\" data-start=\"2742\" data-end=\"2745\" \/>\n<h2 class=\"\" data-start=\"2747\" data-end=\"2772\">8. 8. Informaci\u00f3n de contacto<\/h2>\n<p class=\"\" data-start=\"2774\" data-end=\"2851\">Si tiene alguna pregunta sobre estas Condiciones de servicio, p\u00f3ngase en contacto con nosotros.<\/p>\n<p class=\"\" data-start=\"2853\" data-end=\"2951\"><a href=\"\/es\/pongase-en-contacto-con\/\"><strong data-start=\"2853\" data-end=\"2863\">P\u00e1gina de contacto<\/strong><\/a><br \/>\n<br data-start=\"2891\" data-end=\"2894\" \/><strong data-start=\"2894\" data-end=\"2906\">P\u00e1gina web:<\/strong> <a class=\"\" href=\"https:\/\/astrenya.com\/es\/\" target=\"_new\" rel=\"noopener\" data-start=\"2907\" data-end=\"2951\"><strong>https:\/\/astrenya.com<\/strong><\/a><\/p>","protected":false},"excerpt":{"rendered":"<p>Condiciones del servicio Fecha de entrada en vigor: 15 de abril de 2025 Bienvenido a astrenya.com. Al utilizar este sitio web, usted acepta los siguientes t\u00e9rminos y condiciones. Por favor, l\u00e9alas atentamente antes de utilizar el...<\/p>","protected":false},"author":1,"featured_media":0,"parent":0,"menu_order":0,"comment_status":"closed","ping_status":"closed","template":"","meta":{"_lmt_disableupdate":"no","_lmt_disable":"","footnotes":""},"class_list":["post-672","page","type-page","status-publish","hentry"],"yoast_head":"<!-- This site is optimized with the Yoast SEO plugin v25.5 - https:\/\/yoast.com\/wordpress\/plugins\/seo\/ -->\n<title>Terms of Service - Astrenya<\/title>\n<meta name=\"robots\" content=\"index, follow, max-snippet:-1, max-image-preview:large, max-video-preview:-1\" \/>\n<link rel=\"canonical\" href=\"http:\/\/astrenya.com\/es\/condiciones-del-servicio\/\" \/>\n<meta property=\"og:locale\" content=\"es_ES\" \/>\n<meta property=\"og:type\" content=\"article\" \/>\n<meta property=\"og:title\" content=\"Terms of Service - Astrenya\" \/>\n<meta property=\"og:description\" content=\"Terms of Service Effective Date: April 15 2025 Welcome to astrenya.com. By using this website, you agree to the following terms and conditions. Please read them carefully before using the&hellip;\" \/>\n<meta property=\"og:url\" content=\"http:\/\/astrenya.com\/es\/condiciones-del-servicio\/\" \/>\n<meta property=\"og:site_name\" content=\"Astrenya\" \/>\n<meta property=\"article:modified_time\" content=\"2025-04-15T12:33:59+00:00\" \/>\n<meta name=\"twitter:card\" content=\"summary_large_image\" \/>\n<meta name=\"twitter:label1\" content=\"Tiempo de lectura\" \/>\n\t<meta name=\"twitter:data1\" content=\"2 minutos\" \/>\n<script type=\"application\/ld+json\" class=\"yoast-schema-graph\">{\"@context\":\"https:\/\/schema.org\",\"@graph\":[{\"@type\":\"WebPage\",\"@id\":\"http:\/\/astrenya.com\/terms-of-service\/\",\"url\":\"http:\/\/astrenya.com\/terms-of-service\/\",\"name\":\"Terms of Service - Astrenya\",\"isPartOf\":{\"@id\":\"https:\/\/astrenya.com\/#website\"},\"datePublished\":\"2025-04-15T12:33:01+00:00\",\"dateModified\":\"2025-04-15T12:33:59+00:00\",\"breadcrumb\":{\"@id\":\"http:\/\/astrenya.com\/terms-of-service\/#breadcrumb\"},\"inLanguage\":\"es\",\"potentialAction\":[{\"@type\":\"ReadAction\",\"target\":[\"http:\/\/astrenya.com\/terms-of-service\/\"]}]},{\"@type\":\"BreadcrumbList\",\"@id\":\"http:\/\/astrenya.com\/terms-of-service\/#breadcrumb\",\"itemListElement\":[{\"@type\":\"ListItem\",\"position\":1,\"name\":\"Home\",\"item\":\"https:\/\/astrenya.com\/\"},{\"@type\":\"ListItem\",\"position\":2,\"name\":\"Terms of Service\"}]},{\"@type\":\"WebSite\",\"@id\":\"https:\/\/astrenya.com\/#website\",\"url\":\"https:\/\/astrenya.com\/\",\"name\":\"Astrenya\",\"description\":\"The past, the now and the future\",\"publisher\":{\"@id\":\"https:\/\/astrenya.com\/#\/schema\/person\/d3a1a8d8dc645e3aaa5ed5f40b0b676c\"},\"potentialAction\":[{\"@type\":\"SearchAction\",\"target\":{\"@type\":\"EntryPoint\",\"urlTemplate\":\"https:\/\/astrenya.com\/?s={search_term_string}\"},\"query-input\":{\"@type\":\"PropertyValueSpecification\",\"valueRequired\":true,\"valueName\":\"search_term_string\"}}],\"inLanguage\":\"es\"},{\"@type\":[\"Person\",\"Organization\"],\"@id\":\"https:\/\/astrenya.com\/#\/schema\/person\/d3a1a8d8dc645e3aaa5ed5f40b0b676c\",\"name\":\"Ada\",\"image\":{\"@type\":\"ImageObject\",\"inLanguage\":\"es\",\"@id\":\"https:\/\/astrenya.com\/#\/schema\/person\/image\/\",\"url\":\"http:\/\/astrenya.com\/wp-content\/uploads\/2025\/04\/cropped-profile-picture-ada-96x96.jpg\",\"contentUrl\":\"http:\/\/astrenya.com\/wp-content\/uploads\/2025\/04\/cropped-profile-picture-ada-96x96.jpg\",\"caption\":\"Ada\"},\"logo\":{\"@id\":\"https:\/\/astrenya.com\/#\/schema\/person\/image\/\"},\"description\":\"Hi, I'm a Ada! A European woman living in the US with a lifelong fascination for the mystical. Over the years, I've explored tarot, palmistry, and various spiritual practices, always seeking deeper understanding and connection. This site is a reflection of that journey\u2014a place where I share insights, experiences, and guidance. A place to connect with like-minded people.\",\"sameAs\":[\"http:\/\/astrenya.com\"]}]}<\/script>\n<!-- \/ Yoast SEO plugin. -->","yoast_head_json":{"title":"Condiciones del servicio - Astrenya","robots":{"index":"index","follow":"follow","max-snippet":"max-snippet:-1","max-image-preview":"max-image-preview:large","max-video-preview":"max-video-preview:-1"},"canonical":"http:\/\/astrenya.com\/es\/condiciones-del-servicio\/","og_locale":"es_ES","og_type":"article","og_title":"Terms of Service - Astrenya","og_description":"Terms of Service Effective Date: April 15 2025 Welcome to astrenya.com. By using this website, you agree to the following terms and conditions. Please read them carefully before using the&hellip;","og_url":"http:\/\/astrenya.com\/es\/condiciones-del-servicio\/","og_site_name":"Astrenya","article_modified_time":"2025-04-15T12:33:59+00:00","twitter_card":"summary_large_image","twitter_misc":{"Tiempo de lectura":"2 minutos"},"schema":{"@context":"https:\/\/schema.org","@graph":[{"@type":"WebPage","@id":"http:\/\/astrenya.com\/terms-of-service\/","url":"http:\/\/astrenya.com\/terms-of-service\/","name":"Condiciones del servicio - Astrenya","isPartOf":{"@id":"https:\/\/astrenya.com\/#website"},"datePublished":"2025-04-15T12:33:01+00:00","dateModified":"2025-04-15T12:33:59+00:00","breadcrumb":{"@id":"http:\/\/astrenya.com\/terms-of-service\/#breadcrumb"},"inLanguage":"es","potentialAction":[{"@type":"ReadAction","target":["http:\/\/astrenya.com\/terms-of-service\/"]}]},{"@type":"BreadcrumbList","@id":"http:\/\/astrenya.com\/terms-of-service\/#breadcrumb","itemListElement":[{"@type":"ListItem","position":1,"name":"Home","item":"https:\/\/astrenya.com\/"},{"@type":"ListItem","position":2,"name":"Terms of Service"}]},{"@type":"WebSite","@id":"https:\/\/astrenya.com\/#website","url":"https:\/\/astrenya.com\/","name":"Astrenya","description":"El pasado, el presente y el futuro","publisher":{"@id":"https:\/\/astrenya.com\/#\/schema\/person\/d3a1a8d8dc645e3aaa5ed5f40b0b676c"},"potentialAction":[{"@type":"SearchAction","target":{"@type":"EntryPoint","urlTemplate":"https:\/\/astrenya.com\/?s={search_term_string}"},"query-input":{"@type":"PropertyValueSpecification","valueRequired":true,"valueName":"search_term_string"}}],"inLanguage":"es"},{"@type":["Person","Organization"],"@id":"https:\/\/astrenya.com\/#\/schema\/person\/d3a1a8d8dc645e3aaa5ed5f40b0b676c","name":"Ada","image":{"@type":"ImageObject","inLanguage":"es","@id":"https:\/\/astrenya.com\/#\/schema\/person\/image\/","url":"http:\/\/astrenya.com\/wp-content\/uploads\/2025\/04\/cropped-profile-picture-ada-96x96.jpg","contentUrl":"http:\/\/astrenya.com\/wp-content\/uploads\/2025\/04\/cropped-profile-picture-ada-96x96.jpg","caption":"Ada"},"logo":{"@id":"https:\/\/astrenya.com\/#\/schema\/person\/image\/"},"description":"Hola, soy Ada. Una mujer europea que vive en los EE.UU. con una fascinaci\u00f3n de toda la vida por lo m\u00edstico. A lo largo de los a\u00f1os, he explorado el tarot, la quiromancia y diversas pr\u00e1cticas espirituales, siempre en busca de una comprensi\u00f3n y una conexi\u00f3n m\u00e1s profundas. Este sitio es un reflejo de ese viaje, un lugar donde comparto ideas, experiencias y orientaci\u00f3n. Un lugar para conectar con personas de ideas afines.","sameAs":["http:\/\/astrenya.com"]}]}},"_links":{"self":[{"href":"https:\/\/astrenya.com\/es\/wp-json\/wp\/v2\/pages\/672","targetHints":{"allow":["GET"]}}],"collection":[{"href":"https:\/\/astrenya.com\/es\/wp-json\/wp\/v2\/pages"}],"about":[{"href":"https:\/\/astrenya.com\/es\/wp-json\/wp\/v2\/types\/page"}],"author":[{"embeddable":true,"href":"https:\/\/astrenya.com\/es\/wp-json\/wp\/v2\/users\/1"}],"replies":[{"embeddable":true,"href":"https:\/\/astrenya.com\/es\/wp-json\/wp\/v2\/comments?post=672"}],"version-history":[{"count":0,"href":"https:\/\/astrenya.com\/es\/wp-json\/wp\/v2\/pages\/672\/revisions"}],"wp:attachment":[{"href":"https:\/\/astrenya.com\/es\/wp-json\/wp\/v2\/media?parent=672"}],"curies":[{"name":"wp","href":"https:\/\/api.w.org\/{rel}","templated":true}]}}