{"id":679,"date":"2025-04-15T13:37:16","date_gmt":"2025-04-15T12:37:16","guid":{"rendered":"https:\/\/astrenya.com\/?page_id=679"},"modified":"2025-04-15T13:37:16","modified_gmt":"2025-04-15T12:37:16","slug":"aviso-de-copyright","status":"publish","type":"page","link":"https:\/\/astrenya.com\/es\/aviso-de-copyright\/","title":{"rendered":"Aviso de Copyright"},"content":{"rendered":"<h1 class=\"\" data-start=\"148\" data-end=\"166\">Aviso de Copyright<\/h1>\n<p class=\"\" data-start=\"168\" data-end=\"201\"><strong data-start=\"168\" data-end=\"187\">Fecha de entrada en vigor:<\/strong> 15 de abril de 2025<\/p>\n<p class=\"\" data-start=\"203\" data-end=\"415\">Todos los contenidos publicados en <strong data-start=\"228\" data-end=\"244\">astrenya.com<\/strong>incluyendo, pero no limitado a, textos, im\u00e1genes, gr\u00e1ficos, logotipos, descargas y cualquier material original, es propiedad intelectual del propietario del sitio, a menos que se indique lo contrario.<\/p>\n<hr class=\"\" data-start=\"417\" data-end=\"420\" \/>\n<h2 class=\"\" data-start=\"422\" data-end=\"442\">Propiedad y uso<\/h2>\n<p class=\"\" data-start=\"444\" data-end=\"670\">Todo el contenido est\u00e1 protegido por las leyes internacionales de derechos de autor y no puede ser copiado, reproducido, republicado, cargado, enviado, transmitido o distribuido de ninguna manera sin el permiso previo por escrito del propietario de este sitio web.<\/p>\n<p class=\"\" data-start=\"672\" data-end=\"680\">Usted puede:<\/p>\n<ul data-start=\"681\" data-end=\"831\">\n<li class=\"\" data-start=\"681\" data-end=\"741\">\n<p class=\"\" data-start=\"683\" data-end=\"741\">Ver y leer el contenido para uso personal y no comercial<\/p>\n<\/li>\n<li class=\"\" data-start=\"742\" data-end=\"831\">\n<p class=\"\" data-start=\"744\" data-end=\"831\">Compartir p\u00fablicamente enlaces a entradas o p\u00e1ginas, siempre que se cite a <em data-start=\"817\" data-end=\"831\">astrenya.com<\/em><\/p>\n<\/li>\n<\/ul>\n<p class=\"\" data-start=\"833\" data-end=\"849\">Usted puede <strong data-start=\"841\" data-end=\"848\">no<\/strong>:<\/p>\n<ul data-start=\"850\" data-end=\"1000\">\n<li class=\"\" data-start=\"850\" data-end=\"883\">\n<p class=\"\" data-start=\"852\" data-end=\"883\">Copiar entradas de blog o p\u00e1ginas enteras<\/p>\n<\/li>\n<li class=\"\" data-start=\"884\" data-end=\"938\">\n<p class=\"\" data-start=\"886\" data-end=\"938\">Volver a publicar im\u00e1genes o ilustraciones sin permiso<\/p>\n<\/li>\n<li class=\"\" data-start=\"939\" data-end=\"1000\">\n<p class=\"\" data-start=\"941\" data-end=\"1000\">Modificar o adaptar contenidos originales y presentarlos como propios<\/p>\n<\/li>\n<\/ul>\n<hr class=\"\" data-start=\"1002\" data-end=\"1005\" \/>\n<h2 class=\"\" data-start=\"1007\" data-end=\"1032\">Infracci\u00f3n de los derechos de autor<\/h2>\n<p class=\"\" data-start=\"1034\" data-end=\"1168\">Si cree que su material protegido por derechos de autor se ha utilizado en este sitio web sin autorizaci\u00f3n, p\u00f3ngase en contacto con nosotros inmediatamente con:<\/p>\n<ul data-start=\"1169\" data-end=\"1273\">\n<li class=\"\" data-start=\"1169\" data-end=\"1208\">\n<p class=\"\" data-start=\"1171\" data-end=\"1208\">Una descripci\u00f3n de la obra protegida por derechos de autor<\/p>\n<\/li>\n<li class=\"\" data-start=\"1209\" data-end=\"1246\">\n<p class=\"\" data-start=\"1211\" data-end=\"1246\">Un enlace a la p\u00e1gina donde aparece<\/p>\n<\/li>\n<li class=\"\" data-start=\"1247\" data-end=\"1273\">\n<p class=\"\" data-start=\"1249\" data-end=\"1273\">Sus datos de contacto<\/p>\n<\/li>\n<\/ul>\n<p class=\"\" data-start=\"1275\" data-end=\"1363\">Revisaremos y responderemos a todas las solicitudes de conformidad con la legislaci\u00f3n aplicable en materia de derechos de autor.<\/p>\n<hr class=\"\" data-start=\"1365\" data-end=\"1368\" \/>\n<h2 class=\"\" data-start=\"1370\" data-end=\"1380\">P\u00f3ngase en contacto con<\/h2>\n<p class=\"\" data-start=\"1382\" data-end=\"1466\">Para permisos, preguntas o dudas sobre este aviso de copyright, p\u00f3ngase en contacto con nosotros.<\/p>\n<p class=\"\" data-start=\"1468\" data-end=\"1566\"><a href=\"\/es\/pongase-en-contacto-con\/\"><strong>P\u00e1gina de contacto<\/strong><\/a><br \/>\n<br data-start=\"1506\" data-end=\"1509\" \/><strong data-start=\"1509\" data-end=\"1521\">P\u00e1gina web:<\/strong> <a class=\"\" href=\"https:\/\/astrenya.com\/es\/\" target=\"_new\" rel=\"noopener\" data-start=\"1522\" data-end=\"1566\"><strong>https:\/\/astrenya.com<\/strong><\/a><\/p>","protected":false},"excerpt":{"rendered":"<p>Aviso de derechos de autor Fecha de entrada en vigor: 15 de abril de 2025 Todos los contenidos publicados en astrenya.com, incluidos, entre otros, textos, im\u00e1genes, gr\u00e1ficos, logotipos, descargas y cualquier material original, son propiedad intelectual...<\/p>","protected":false},"author":1,"featured_media":0,"parent":0,"menu_order":0,"comment_status":"closed","ping_status":"closed","template":"","meta":{"_lmt_disableupdate":"","_lmt_disable":"","footnotes":""},"class_list":["post-679","page","type-page","status-publish","hentry"],"yoast_head":"<!-- This site is optimized with the Yoast SEO plugin v25.5 - https:\/\/yoast.com\/wordpress\/plugins\/seo\/ -->\n<title>Copyright Notice - Astrenya<\/title>\n<meta name=\"robots\" content=\"index, follow, max-snippet:-1, max-image-preview:large, max-video-preview:-1\" \/>\n<link rel=\"canonical\" href=\"http:\/\/astrenya.com\/es\/aviso-de-copyright\/\" \/>\n<meta property=\"og:locale\" content=\"es_ES\" \/>\n<meta property=\"og:type\" content=\"article\" \/>\n<meta property=\"og:title\" content=\"Copyright Notice - Astrenya\" \/>\n<meta property=\"og:description\" content=\"Copyright Notice Effective Date: April 15 2025 All content published on astrenya.com, including but not limited to text, images, graphics, logos, downloads, and any original material, is the intellectual property&hellip;\" \/>\n<meta property=\"og:url\" content=\"http:\/\/astrenya.com\/es\/aviso-de-copyright\/\" \/>\n<meta property=\"og:site_name\" content=\"Astrenya\" \/>\n<meta name=\"twitter:card\" content=\"summary_large_image\" \/>\n<meta name=\"twitter:label1\" content=\"Tiempo de lectura\" \/>\n\t<meta name=\"twitter:data1\" content=\"1 minuto\" \/>\n<script type=\"application\/ld+json\" class=\"yoast-schema-graph\">{\"@context\":\"https:\/\/schema.org\",\"@graph\":[{\"@type\":\"WebPage\",\"@id\":\"http:\/\/astrenya.com\/copyright-notice\/\",\"url\":\"http:\/\/astrenya.com\/copyright-notice\/\",\"name\":\"Copyright Notice - Astrenya\",\"isPartOf\":{\"@id\":\"https:\/\/astrenya.com\/#website\"},\"datePublished\":\"2025-04-15T12:37:16+00:00\",\"breadcrumb\":{\"@id\":\"http:\/\/astrenya.com\/copyright-notice\/#breadcrumb\"},\"inLanguage\":\"es\",\"potentialAction\":[{\"@type\":\"ReadAction\",\"target\":[\"http:\/\/astrenya.com\/copyright-notice\/\"]}]},{\"@type\":\"BreadcrumbList\",\"@id\":\"http:\/\/astrenya.com\/copyright-notice\/#breadcrumb\",\"itemListElement\":[{\"@type\":\"ListItem\",\"position\":1,\"name\":\"Home\",\"item\":\"https:\/\/astrenya.com\/\"},{\"@type\":\"ListItem\",\"position\":2,\"name\":\"Copyright Notice\"}]},{\"@type\":\"WebSite\",\"@id\":\"https:\/\/astrenya.com\/#website\",\"url\":\"https:\/\/astrenya.com\/\",\"name\":\"Astrenya\",\"description\":\"The past, the now and the future\",\"publisher\":{\"@id\":\"https:\/\/astrenya.com\/#\/schema\/person\/d3a1a8d8dc645e3aaa5ed5f40b0b676c\"},\"potentialAction\":[{\"@type\":\"SearchAction\",\"target\":{\"@type\":\"EntryPoint\",\"urlTemplate\":\"https:\/\/astrenya.com\/?s={search_term_string}\"},\"query-input\":{\"@type\":\"PropertyValueSpecification\",\"valueRequired\":true,\"valueName\":\"search_term_string\"}}],\"inLanguage\":\"es\"},{\"@type\":[\"Person\",\"Organization\"],\"@id\":\"https:\/\/astrenya.com\/#\/schema\/person\/d3a1a8d8dc645e3aaa5ed5f40b0b676c\",\"name\":\"Ada\",\"image\":{\"@type\":\"ImageObject\",\"inLanguage\":\"es\",\"@id\":\"https:\/\/astrenya.com\/#\/schema\/person\/image\/\",\"url\":\"http:\/\/astrenya.com\/wp-content\/uploads\/2025\/04\/cropped-profile-picture-ada-96x96.jpg\",\"contentUrl\":\"http:\/\/astrenya.com\/wp-content\/uploads\/2025\/04\/cropped-profile-picture-ada-96x96.jpg\",\"caption\":\"Ada\"},\"logo\":{\"@id\":\"https:\/\/astrenya.com\/#\/schema\/person\/image\/\"},\"description\":\"Hi, I'm a Ada! A European woman living in the US with a lifelong fascination for the mystical. Over the years, I've explored tarot, palmistry, and various spiritual practices, always seeking deeper understanding and connection. This site is a reflection of that journey\u2014a place where I share insights, experiences, and guidance. A place to connect with like-minded people.\",\"sameAs\":[\"http:\/\/astrenya.com\"]}]}<\/script>\n<!-- \/ Yoast SEO plugin. -->","yoast_head_json":{"title":"Aviso de derechos de autor - Astrenya","robots":{"index":"index","follow":"follow","max-snippet":"max-snippet:-1","max-image-preview":"max-image-preview:large","max-video-preview":"max-video-preview:-1"},"canonical":"http:\/\/astrenya.com\/es\/aviso-de-copyright\/","og_locale":"es_ES","og_type":"article","og_title":"Copyright Notice - Astrenya","og_description":"Copyright Notice Effective Date: April 15 2025 All content published on astrenya.com, including but not limited to text, images, graphics, logos, downloads, and any original material, is the intellectual property&hellip;","og_url":"http:\/\/astrenya.com\/es\/aviso-de-copyright\/","og_site_name":"Astrenya","twitter_card":"summary_large_image","twitter_misc":{"Tiempo de lectura":"1 minuto"},"schema":{"@context":"https:\/\/schema.org","@graph":[{"@type":"WebPage","@id":"http:\/\/astrenya.com\/copyright-notice\/","url":"http:\/\/astrenya.com\/copyright-notice\/","name":"Aviso de derechos de autor - Astrenya","isPartOf":{"@id":"https:\/\/astrenya.com\/#website"},"datePublished":"2025-04-15T12:37:16+00:00","breadcrumb":{"@id":"http:\/\/astrenya.com\/copyright-notice\/#breadcrumb"},"inLanguage":"es","potentialAction":[{"@type":"ReadAction","target":["http:\/\/astrenya.com\/copyright-notice\/"]}]},{"@type":"BreadcrumbList","@id":"http:\/\/astrenya.com\/copyright-notice\/#breadcrumb","itemListElement":[{"@type":"ListItem","position":1,"name":"Home","item":"https:\/\/astrenya.com\/"},{"@type":"ListItem","position":2,"name":"Copyright Notice"}]},{"@type":"WebSite","@id":"https:\/\/astrenya.com\/#website","url":"https:\/\/astrenya.com\/","name":"Astrenya","description":"El pasado, el presente y el futuro","publisher":{"@id":"https:\/\/astrenya.com\/#\/schema\/person\/d3a1a8d8dc645e3aaa5ed5f40b0b676c"},"potentialAction":[{"@type":"SearchAction","target":{"@type":"EntryPoint","urlTemplate":"https:\/\/astrenya.com\/?s={search_term_string}"},"query-input":{"@type":"PropertyValueSpecification","valueRequired":true,"valueName":"search_term_string"}}],"inLanguage":"es"},{"@type":["Person","Organization"],"@id":"https:\/\/astrenya.com\/#\/schema\/person\/d3a1a8d8dc645e3aaa5ed5f40b0b676c","name":"Ada","image":{"@type":"ImageObject","inLanguage":"es","@id":"https:\/\/astrenya.com\/#\/schema\/person\/image\/","url":"http:\/\/astrenya.com\/wp-content\/uploads\/2025\/04\/cropped-profile-picture-ada-96x96.jpg","contentUrl":"http:\/\/astrenya.com\/wp-content\/uploads\/2025\/04\/cropped-profile-picture-ada-96x96.jpg","caption":"Ada"},"logo":{"@id":"https:\/\/astrenya.com\/#\/schema\/person\/image\/"},"description":"Hola, soy Ada. Una mujer europea que vive en los EE.UU. con una fascinaci\u00f3n de toda la vida por lo m\u00edstico. A lo largo de los a\u00f1os, he explorado el tarot, la quiromancia y diversas pr\u00e1cticas espirituales, siempre en busca de una comprensi\u00f3n y una conexi\u00f3n m\u00e1s profundas. Este sitio es un reflejo de ese viaje, un lugar donde comparto ideas, experiencias y orientaci\u00f3n. Un lugar para conectar con personas de ideas afines.","sameAs":["http:\/\/astrenya.com"]}]}},"_links":{"self":[{"href":"https:\/\/astrenya.com\/es\/wp-json\/wp\/v2\/pages\/679","targetHints":{"allow":["GET"]}}],"collection":[{"href":"https:\/\/astrenya.com\/es\/wp-json\/wp\/v2\/pages"}],"about":[{"href":"https:\/\/astrenya.com\/es\/wp-json\/wp\/v2\/types\/page"}],"author":[{"embeddable":true,"href":"https:\/\/astrenya.com\/es\/wp-json\/wp\/v2\/users\/1"}],"replies":[{"embeddable":true,"href":"https:\/\/astrenya.com\/es\/wp-json\/wp\/v2\/comments?post=679"}],"version-history":[{"count":0,"href":"https:\/\/astrenya.com\/es\/wp-json\/wp\/v2\/pages\/679\/revisions"}],"wp:attachment":[{"href":"https:\/\/astrenya.com\/es\/wp-json\/wp\/v2\/media?parent=679"}],"curies":[{"name":"wp","href":"https:\/\/api.w.org\/{rel}","templated":true}]}}