{"id":688,"date":"2025-04-15T13:47:27","date_gmt":"2025-04-15T12:47:27","guid":{"rendered":"https:\/\/astrenya.com\/?page_id=688"},"modified":"2025-04-15T13:48:59","modified_gmt":"2025-04-15T12:48:59","slug":"politica-de-cookies","status":"publish","type":"page","link":"https:\/\/astrenya.com\/es\/politica-de-cookies\/","title":{"rendered":"Pol\u00edtica de cookies"},"content":{"rendered":"<h1 class=\"\" data-start=\"189\" data-end=\"204\">Pol\u00edtica de cookies<\/h1>\n<p class=\"\" data-start=\"206\" data-end=\"239\"><strong data-start=\"206\" data-end=\"225\">Fecha de entrada en vigor:<\/strong> 15 de abril de 2025<\/p>\n<p class=\"\" data-start=\"241\" data-end=\"444\">Esta Pol\u00edtica de cookies explica c\u00f3mo <strong data-start=\"273\" data-end=\"289\">astrenya.com<\/strong> utiliza cookies y tecnolog\u00edas similares para mejorar su experiencia en el sitio web. Al utilizar este sitio, usted acepta el uso de cookies tal y como se describe a continuaci\u00f3n.<\/p>\n<hr class=\"\" data-start=\"446\" data-end=\"449\" \/>\n<h2 class=\"\" data-start=\"451\" data-end=\"471\">\u00bfQu\u00e9 son las cookies?<\/h2>\n<p class=\"\" data-start=\"473\" data-end=\"714\">Las cookies son peque\u00f1os archivos de texto que se almacenan en su dispositivo cuando visita un sitio web. Ayudan al sitio web a recordar sus preferencias y mejorar su experiencia general. Las cookies no contienen informaci\u00f3n personal como su nombre o direcci\u00f3n de correo electr\u00f3nico.<\/p>\n<hr class=\"\" data-start=\"716\" data-end=\"719\" \/>\n<h2 class=\"\" data-start=\"721\" data-end=\"742\">C\u00f3mo utilizamos las cookies<\/h2>\n<p class=\"\" data-start=\"744\" data-end=\"807\">En astrenya.com, utilizamos cookies \u00fanicamente con la siguiente finalidad:<\/p>\n<h3 class=\"\" data-start=\"809\" data-end=\"833\"><strong data-start=\"813\" data-end=\"833\">Google Analytics<\/strong><\/h3>\n<p class=\"\" data-start=\"834\" data-end=\"943\">Utilizamos Google Analytics para comprender c\u00f3mo interact\u00faan los visitantes con el sitio. Esto incluye informaci\u00f3n como:<\/p>\n<ul data-start=\"944\" data-end=\"1031\">\n<li class=\"\" data-start=\"944\" data-end=\"969\">\n<p class=\"\" data-start=\"946\" data-end=\"969\">Qu\u00e9 p\u00e1ginas se visitan<\/p>\n<\/li>\n<li class=\"\" data-start=\"970\" data-end=\"994\">\n<p class=\"\" data-start=\"972\" data-end=\"994\">Tiempo de estancia de los visitantes<\/p>\n<\/li>\n<li class=\"\" data-start=\"995\" data-end=\"1031\">\n<p class=\"\" data-start=\"997\" data-end=\"1031\">Qu\u00e9 dispositivos o navegadores se utilizan<\/p>\n<\/li>\n<\/ul>\n<p class=\"\" data-start=\"1033\" data-end=\"1301\">Estas cookies nos ayudan a analizar el tr\u00e1fico y mejorar el contenido y el dise\u00f1o del sitio.<br data-start=\"1118\" data-end=\"1121\" \/>Google puede almacenar estos datos en servidores fuera de la UE y puede compartirlos con terceros si as\u00ed lo exige la ley.<br data-start=\"1229\" data-end=\"1232\" \/>Todos los datos son an\u00f3nimos y no pueden utilizarse para identificarle personalmente.<\/p>\n<p class=\"\" data-start=\"1303\" data-end=\"1404\">M\u00e1s informaci\u00f3n <a href=\"https:\/\/policies.google.com\/technologies\/cookies?hl=en-US\" target=\"_blank\" rel=\"nofollow noopener\"><strong>C\u00f3mo utiliza Google tus datos<\/strong><\/a>.<\/p>\n<hr class=\"\" data-start=\"1406\" data-end=\"1409\" \/>\n<h2 class=\"\" data-start=\"1411\" data-end=\"1430\">Gesti\u00f3n de cookies<\/h2>\n<p class=\"\" data-start=\"1432\" data-end=\"1524\">Puede controlar o eliminar las cookies a trav\u00e9s de la configuraci\u00f3n de su navegador. La mayor\u00eda de los navegadores le permiten:<\/p>\n<ul data-start=\"1525\" data-end=\"1627\">\n<li class=\"\" data-start=\"1525\" data-end=\"1549\">\n<p class=\"\" data-start=\"1527\" data-end=\"1549\">Bloquear las cookies por completo<\/p>\n<\/li>\n<li class=\"\" data-start=\"1550\" data-end=\"1584\">\n<p class=\"\" data-start=\"1552\" data-end=\"1584\">Borrar las cookies despu\u00e9s de cada sesi\u00f3n<\/p>\n<\/li>\n<li class=\"\" data-start=\"1585\" data-end=\"1627\">\n<p class=\"\" data-start=\"1587\" data-end=\"1627\">Recibir alertas antes de que se almacenen las cookies<\/p>\n<\/li>\n<\/ul>\n<p class=\"\" data-start=\"1629\" data-end=\"1718\">Tenga en cuenta que desactivar las cookies puede afectar al funcionamiento de determinadas funciones de este sitio.<\/p>\n<hr class=\"\" data-start=\"1720\" data-end=\"1723\" \/>\n<h2 class=\"\" data-start=\"1725\" data-end=\"1750\">Actualizaciones de esta pol\u00edtica<\/h2>\n<p class=\"\" data-start=\"1752\" data-end=\"1870\">Ocasionalmente podemos actualizar esta Pol\u00edtica de Cookies. Cualquier cambio ser\u00e1 publicado en esta p\u00e1gina con una fecha de vigencia actualizada.<\/p>\n<hr class=\"\" data-start=\"1872\" data-end=\"1875\" \/>\n<h2 class=\"\" data-start=\"1877\" data-end=\"1887\">P\u00f3ngase en contacto con<\/h2>\n<p class=\"\" data-start=\"1889\" data-end=\"1968\">Si tiene alguna pregunta sobre esta Pol\u00edtica de Cookies, no dude en ponerse en contacto con nosotros.<\/p>\n<p class=\"\" data-start=\"1970\" data-end=\"2063\"><strong><a href=\"\/es\/pongase-en-contacto-con\/\">P\u00e1gina de contacto<\/a><br \/>\n<\/strong><br data-start=\"2003\" data-end=\"2006\" \/><strong data-start=\"2006\" data-end=\"2018\">P\u00e1gina web: <a class=\"\" href=\"https:\/\/astrenya.com\/es\/\" target=\"_new\" rel=\"noopener\" data-start=\"2019\" data-end=\"2063\">https:\/\/astrenya.com<\/a><\/strong><\/p>","protected":false},"excerpt":{"rendered":"<p>Pol\u00edtica de cookies Fecha de entrada en vigor: 15 de abril de 2025 Esta Pol\u00edtica de Cookies explica c\u00f3mo astrenya.com utiliza las cookies y tecnolog\u00edas similares para mejorar su experiencia en el sitio web. Al utilizar este sitio, usted...<\/p>","protected":false},"author":1,"featured_media":0,"parent":0,"menu_order":0,"comment_status":"closed","ping_status":"closed","template":"","meta":{"_lmt_disableupdate":"no","_lmt_disable":"","footnotes":""},"class_list":["post-688","page","type-page","status-publish","hentry"],"yoast_head":"<!-- This site is optimized with the Yoast SEO plugin v25.5 - https:\/\/yoast.com\/wordpress\/plugins\/seo\/ -->\n<title>Cookie Policy - Astrenya<\/title>\n<meta name=\"robots\" content=\"index, follow, max-snippet:-1, max-image-preview:large, max-video-preview:-1\" \/>\n<link rel=\"canonical\" href=\"http:\/\/astrenya.com\/es\/politica-de-cookies\/\" \/>\n<meta property=\"og:locale\" content=\"es_ES\" \/>\n<meta property=\"og:type\" content=\"article\" \/>\n<meta property=\"og:title\" content=\"Cookie Policy - Astrenya\" \/>\n<meta property=\"og:description\" content=\"Cookie Policy Effective Date: April 15 2025 This Cookie Policy explains how astrenya.com uses cookies and similar technologies to enhance your experience on the website. By using this site, you&hellip;\" \/>\n<meta property=\"og:url\" content=\"http:\/\/astrenya.com\/es\/politica-de-cookies\/\" \/>\n<meta property=\"og:site_name\" content=\"Astrenya\" \/>\n<meta property=\"article:modified_time\" content=\"2025-04-15T12:48:59+00:00\" \/>\n<meta name=\"twitter:card\" content=\"summary_large_image\" \/>\n<meta name=\"twitter:label1\" content=\"Tiempo de lectura\" \/>\n\t<meta name=\"twitter:data1\" content=\"1 minuto\" \/>\n<script type=\"application\/ld+json\" class=\"yoast-schema-graph\">{\"@context\":\"https:\/\/schema.org\",\"@graph\":[{\"@type\":\"WebPage\",\"@id\":\"http:\/\/astrenya.com\/cookie-policy\/\",\"url\":\"http:\/\/astrenya.com\/cookie-policy\/\",\"name\":\"Cookie Policy - Astrenya\",\"isPartOf\":{\"@id\":\"https:\/\/astrenya.com\/#website\"},\"datePublished\":\"2025-04-15T12:47:27+00:00\",\"dateModified\":\"2025-04-15T12:48:59+00:00\",\"breadcrumb\":{\"@id\":\"http:\/\/astrenya.com\/cookie-policy\/#breadcrumb\"},\"inLanguage\":\"es\",\"potentialAction\":[{\"@type\":\"ReadAction\",\"target\":[\"http:\/\/astrenya.com\/cookie-policy\/\"]}]},{\"@type\":\"BreadcrumbList\",\"@id\":\"http:\/\/astrenya.com\/cookie-policy\/#breadcrumb\",\"itemListElement\":[{\"@type\":\"ListItem\",\"position\":1,\"name\":\"Home\",\"item\":\"https:\/\/astrenya.com\/\"},{\"@type\":\"ListItem\",\"position\":2,\"name\":\"Cookie Policy\"}]},{\"@type\":\"WebSite\",\"@id\":\"https:\/\/astrenya.com\/#website\",\"url\":\"https:\/\/astrenya.com\/\",\"name\":\"Astrenya\",\"description\":\"The past, the now and the future\",\"publisher\":{\"@id\":\"https:\/\/astrenya.com\/#\/schema\/person\/d3a1a8d8dc645e3aaa5ed5f40b0b676c\"},\"potentialAction\":[{\"@type\":\"SearchAction\",\"target\":{\"@type\":\"EntryPoint\",\"urlTemplate\":\"https:\/\/astrenya.com\/?s={search_term_string}\"},\"query-input\":{\"@type\":\"PropertyValueSpecification\",\"valueRequired\":true,\"valueName\":\"search_term_string\"}}],\"inLanguage\":\"es\"},{\"@type\":[\"Person\",\"Organization\"],\"@id\":\"https:\/\/astrenya.com\/#\/schema\/person\/d3a1a8d8dc645e3aaa5ed5f40b0b676c\",\"name\":\"Ada\",\"image\":{\"@type\":\"ImageObject\",\"inLanguage\":\"es\",\"@id\":\"https:\/\/astrenya.com\/#\/schema\/person\/image\/\",\"url\":\"http:\/\/astrenya.com\/wp-content\/uploads\/2025\/04\/cropped-profile-picture-ada-96x96.jpg\",\"contentUrl\":\"http:\/\/astrenya.com\/wp-content\/uploads\/2025\/04\/cropped-profile-picture-ada-96x96.jpg\",\"caption\":\"Ada\"},\"logo\":{\"@id\":\"https:\/\/astrenya.com\/#\/schema\/person\/image\/\"},\"description\":\"Hi, I'm a Ada! A European woman living in the US with a lifelong fascination for the mystical. Over the years, I've explored tarot, palmistry, and various spiritual practices, always seeking deeper understanding and connection. This site is a reflection of that journey\u2014a place where I share insights, experiences, and guidance. A place to connect with like-minded people.\",\"sameAs\":[\"http:\/\/astrenya.com\"]}]}<\/script>\n<!-- \/ Yoast SEO plugin. -->","yoast_head_json":{"title":"Pol\u00edtica de cookies - Astrenya","robots":{"index":"index","follow":"follow","max-snippet":"max-snippet:-1","max-image-preview":"max-image-preview:large","max-video-preview":"max-video-preview:-1"},"canonical":"http:\/\/astrenya.com\/es\/politica-de-cookies\/","og_locale":"es_ES","og_type":"article","og_title":"Cookie Policy - Astrenya","og_description":"Cookie Policy Effective Date: April 15 2025 This Cookie Policy explains how astrenya.com uses cookies and similar technologies to enhance your experience on the website. By using this site, you&hellip;","og_url":"http:\/\/astrenya.com\/es\/politica-de-cookies\/","og_site_name":"Astrenya","article_modified_time":"2025-04-15T12:48:59+00:00","twitter_card":"summary_large_image","twitter_misc":{"Tiempo de lectura":"1 minuto"},"schema":{"@context":"https:\/\/schema.org","@graph":[{"@type":"WebPage","@id":"http:\/\/astrenya.com\/cookie-policy\/","url":"http:\/\/astrenya.com\/cookie-policy\/","name":"Pol\u00edtica de cookies - Astrenya","isPartOf":{"@id":"https:\/\/astrenya.com\/#website"},"datePublished":"2025-04-15T12:47:27+00:00","dateModified":"2025-04-15T12:48:59+00:00","breadcrumb":{"@id":"http:\/\/astrenya.com\/cookie-policy\/#breadcrumb"},"inLanguage":"es","potentialAction":[{"@type":"ReadAction","target":["http:\/\/astrenya.com\/cookie-policy\/"]}]},{"@type":"BreadcrumbList","@id":"http:\/\/astrenya.com\/cookie-policy\/#breadcrumb","itemListElement":[{"@type":"ListItem","position":1,"name":"Home","item":"https:\/\/astrenya.com\/"},{"@type":"ListItem","position":2,"name":"Cookie Policy"}]},{"@type":"WebSite","@id":"https:\/\/astrenya.com\/#website","url":"https:\/\/astrenya.com\/","name":"Astrenya","description":"El pasado, el presente y el futuro","publisher":{"@id":"https:\/\/astrenya.com\/#\/schema\/person\/d3a1a8d8dc645e3aaa5ed5f40b0b676c"},"potentialAction":[{"@type":"SearchAction","target":{"@type":"EntryPoint","urlTemplate":"https:\/\/astrenya.com\/?s={search_term_string}"},"query-input":{"@type":"PropertyValueSpecification","valueRequired":true,"valueName":"search_term_string"}}],"inLanguage":"es"},{"@type":["Person","Organization"],"@id":"https:\/\/astrenya.com\/#\/schema\/person\/d3a1a8d8dc645e3aaa5ed5f40b0b676c","name":"Ada","image":{"@type":"ImageObject","inLanguage":"es","@id":"https:\/\/astrenya.com\/#\/schema\/person\/image\/","url":"http:\/\/astrenya.com\/wp-content\/uploads\/2025\/04\/cropped-profile-picture-ada-96x96.jpg","contentUrl":"http:\/\/astrenya.com\/wp-content\/uploads\/2025\/04\/cropped-profile-picture-ada-96x96.jpg","caption":"Ada"},"logo":{"@id":"https:\/\/astrenya.com\/#\/schema\/person\/image\/"},"description":"Hola, soy Ada. Una mujer europea que vive en los EE.UU. con una fascinaci\u00f3n de toda la vida por lo m\u00edstico. A lo largo de los a\u00f1os, he explorado el tarot, la quiromancia y diversas pr\u00e1cticas espirituales, siempre en busca de una comprensi\u00f3n y una conexi\u00f3n m\u00e1s profundas. Este sitio es un reflejo de ese viaje, un lugar donde comparto ideas, experiencias y orientaci\u00f3n. Un lugar para conectar con personas de ideas afines.","sameAs":["http:\/\/astrenya.com"]}]}},"_links":{"self":[{"href":"https:\/\/astrenya.com\/es\/wp-json\/wp\/v2\/pages\/688","targetHints":{"allow":["GET"]}}],"collection":[{"href":"https:\/\/astrenya.com\/es\/wp-json\/wp\/v2\/pages"}],"about":[{"href":"https:\/\/astrenya.com\/es\/wp-json\/wp\/v2\/types\/page"}],"author":[{"embeddable":true,"href":"https:\/\/astrenya.com\/es\/wp-json\/wp\/v2\/users\/1"}],"replies":[{"embeddable":true,"href":"https:\/\/astrenya.com\/es\/wp-json\/wp\/v2\/comments?post=688"}],"version-history":[{"count":0,"href":"https:\/\/astrenya.com\/es\/wp-json\/wp\/v2\/pages\/688\/revisions"}],"wp:attachment":[{"href":"https:\/\/astrenya.com\/es\/wp-json\/wp\/v2\/media?parent=688"}],"curies":[{"name":"wp","href":"https:\/\/api.w.org\/{rel}","templated":true}]}}