{"id":707,"date":"2025-04-15T14:28:13","date_gmt":"2025-04-15T13:28:13","guid":{"rendered":"https:\/\/astrenya.com\/?page_id=707"},"modified":"2025-04-16T14:32:02","modified_gmt":"2025-04-16T13:32:02","slug":"pongase-en-contacto-con","status":"publish","type":"page","link":"https:\/\/astrenya.com\/es\/pongase-en-contacto-con\/","title":{"rendered":"P\u00f3ngase en contacto con"},"content":{"rendered":"<div data-elementor-type=\"wp-page\" data-elementor-id=\"707\" class=\"elementor elementor-707\">\n\t\t\t\t<div class=\"elementor-element elementor-element-9db2633 e-grid e-con-boxed e-con e-parent\" data-id=\"9db2633\" data-element_type=\"container\">\n\t\t\t\t\t<div class=\"e-con-inner\">\n\t\t\t\t<div class=\"elementor-element elementor-element-1da7ce9 elementor-widget elementor-widget-penci-contact-form\" data-id=\"1da7ce9\" data-element_type=\"widget\" data-widget_type=\"penci-contact-form.default\">\n\t\t\t\t<div class=\"elementor-widget-container\">\n\t\t\t\t\t        <div class=\"pencif-contact-form\">\n            <div class=\"penci-form-fields-wrapper\">\n\t\t\t\t        <div class=\"pencif-contact-form-wrapper\">\n            <form class=\"pencif-contact-form pencif-all-col  without-recaptcha\" action=\"https:\/\/astrenya.com\/wp-admin\/admin-ajax.php\" method=\"post\">\n\n\t\t\t\t\n                    <div class=\"pencif-field-group elementor-field-required pencif-field-normal\">\n\t\t\t\t\t\t<label for=\"user_name1da7ce9\" class=\"pencif-form-label\">Nombre<\/label><div class=\"pencif-form-controls\"><input type=\"text\" name=\"name\" id=\"user_name1da7ce9\" placeholder=\"Su nombre\" class=\"pencif-input\" required =\"required\"><\/div>                    <\/div>\n\n                    <div class=\"pencif-field-group elementor-field-required pencif-field-normal\">\n\t\t\t\t\t\t<label for=\"email1da7ce9\" class=\"pencif-form-label\">Correo electr\u00f3nico<\/label><div class=\"pencif-form-controls\"><input type=\"email\" name=\"email\" id=\"email1da7ce9\" placeholder=\"example@email.com\" class=\"pencif-input\" required=\"required\"><\/div>                    <\/div>\n\n\t\t\t\t\t\n\t\t\t\t\t                        <div class=\"pencif-field-group pencif-width-1-1 elementor-field-required\">\n\t\t\t\t\t\t\t<label for=\"subject1da7ce9\" class=\"pencif-form-label\">Asunto*<\/label><div class=\"pencif-form-controls\"><input type=\"text\" name=\"subject\" id=\"subject1da7ce9\" placeholder=\"Asunto del mensaje\" class=\"pencif-input\" required=\"required\"><\/div>                        <\/div>\n\t\t\t\t\t\n\t\t\t\t\t\n\t\t\t\t\t                        <div class=\"pencif-field-group pencif-width-1-1 elementor-field-required\">\n\t\t\t\t\t\t\t<label for=\"message1da7ce9\" class=\"pencif-form-label\">Su mensaje<\/label><div class=\"pencif-form-controls\"><textarea name=\"message\" id=\"message1da7ce9\" rows=\"5\" placeholder=\"Su mensaje\" class=\"pencif-textarea\" required=\"required\"><\/textarea><\/div>                        <\/div>\n\t\t\t\t\t\n\t\t\t\t\t\n\n\t\t\t\t\t\n\t\t\t\t\t\n                    <input type=\"hidden\" class=\"widget_id\" name=\"widget_id\" value=\"1da7ce9\"\/>\n                    <input type=\"hidden\" name=\"pencif-sf-1da7ce9\" value=\"true\"\/>\n                    <input type=\"hidden\" class=\"page_id\" name=\"page_id\"\n                           value=\"707\"\/>\n\n                    <div class=\"elementor-field-type-submit pencif-field-group pencif-flex pencif-width-1-1\">\n                        <button type=\"submit\" class=\"penci-button pencif-button pencif-button-primary\" name=\"submit\">\n\t\t\t\t\t\t\t                                <span>\n\t\t\t\t\t\t\t\t\tEnviar mensaje\t\t\t\t\t\t\t\t<\/span>\n\t\t\t\t\t\t\t                        <\/button>\n                    <\/div>\n\n\t\t\t\t\t\n                    <input name=\"_wpnonce\" value=\"f370f61c92\"\n                           type=\"hidden\">\n\n                    <input type=\"hidden\" name=\"action\" value=\"penci_contact_form\"\/>\n\n\t\t\t\t\t\n            <\/form>\n        <\/div>\n\t\t            <\/div>\n        <\/div>\n\t\t\t\t\t\t<\/div>\n\t\t\t\t<\/div>\n\t\t\t\t<div class=\"elementor-element elementor-element-f06a252 elementor-position-top elementor-widget elementor-widget-image-box\" data-id=\"f06a252\" data-element_type=\"widget\" data-widget_type=\"image-box.default\">\n\t\t\t\t<div class=\"elementor-widget-container\">\n\t\t\t\t\t<div class=\"elementor-image-box-wrapper\"><figure class=\"elementor-image-box-img\"><img fetchpriority=\"high\" decoding=\"async\" width=\"533\" height=\"800\" src=\"http:\/\/astrenya.com\/wp-content\/uploads\/2025\/04\/profile-picture-smaller.jpg\" class=\"attachment-full size-full wp-image-737\" alt=\"\" srcset=\"https:\/\/astrenya.com\/wp-content\/uploads\/2025\/04\/profile-picture-smaller.jpg 533w, https:\/\/astrenya.com\/wp-content\/uploads\/2025\/04\/profile-picture-smaller-200x300.jpg 200w\" sizes=\"(max-width: 533px) 100vw, 533px\" \/><\/figure><div class=\"elementor-image-box-content\"><h3 class=\"elementor-image-box-title\">P\u00f3ngase en contacto conmigo<\/h3><p class=\"elementor-image-box-description\">No dude en ponerse en contacto conmigo. Siempre me gusta recibir comentarios sobre mi sitio o mis art\u00edculos. Si tienes un art\u00edculo o historia original que quieras compartir en mi sitio, h\u00e1zmelo saber. Lo publicar\u00e9 gratis. Sin publicidad, por favor.<br><br>Gracias, Ada<\/p><\/div><\/div>\t\t\t\t<\/div>\n\t\t\t\t<\/div>\n\t\t\t\t\t<\/div>\n\t\t\t\t<\/div>\n\t\t\t\t<\/div>","protected":false},"excerpt":{"rendered":"<p>Nombre* Correo electr\u00f3nico* Asunto* Su mensaje* Enviar mensaje Contacto No dude en ponerse en contacto conmigo. Siempre me gusta recibir comentarios sobre mi sitio o mis art\u00edculos. Si tienes un...<\/p>","protected":false},"author":1,"featured_media":0,"parent":0,"menu_order":0,"comment_status":"closed","ping_status":"closed","template":"","meta":{"_lmt_disableupdate":"no","_lmt_disable":"","footnotes":""},"class_list":["post-707","page","type-page","status-publish","hentry"],"yoast_head":"<!-- This site is optimized with the Yoast SEO plugin v25.5 - https:\/\/yoast.com\/wordpress\/plugins\/seo\/ -->\n<title>Contact - Astrenya<\/title>\n<meta name=\"robots\" content=\"index, follow, max-snippet:-1, max-image-preview:large, max-video-preview:-1\" \/>\n<link rel=\"canonical\" href=\"http:\/\/astrenya.com\/es\/pongase-en-contacto-con\/\" \/>\n<meta property=\"og:locale\" content=\"es_ES\" \/>\n<meta property=\"og:type\" content=\"article\" \/>\n<meta property=\"og:title\" content=\"Contact - Astrenya\" \/>\n<meta property=\"og:description\" content=\"Name* Email* Subject* Your Message* Send Message Contact Me Feel free to contact me. I always love to get feedback about my site or articles. If you have an original&hellip;\" \/>\n<meta property=\"og:url\" content=\"http:\/\/astrenya.com\/es\/pongase-en-contacto-con\/\" \/>\n<meta property=\"og:site_name\" content=\"Astrenya\" \/>\n<meta property=\"article:modified_time\" content=\"2025-04-16T13:32:02+00:00\" \/>\n<meta property=\"og:image\" content=\"http:\/\/astrenya.com\/wp-content\/uploads\/2025\/04\/profile-picture-smaller.jpg\" \/>\n<meta name=\"twitter:card\" content=\"summary_large_image\" \/>\n<script type=\"application\/ld+json\" class=\"yoast-schema-graph\">{\"@context\":\"https:\/\/schema.org\",\"@graph\":[{\"@type\":\"WebPage\",\"@id\":\"http:\/\/astrenya.com\/contact\/\",\"url\":\"http:\/\/astrenya.com\/contact\/\",\"name\":\"Contact - Astrenya\",\"isPartOf\":{\"@id\":\"https:\/\/astrenya.com\/#website\"},\"primaryImageOfPage\":{\"@id\":\"http:\/\/astrenya.com\/contact\/#primaryimage\"},\"image\":{\"@id\":\"http:\/\/astrenya.com\/contact\/#primaryimage\"},\"thumbnailUrl\":\"http:\/\/astrenya.com\/wp-content\/uploads\/2025\/04\/profile-picture-smaller.jpg\",\"datePublished\":\"2025-04-15T13:28:13+00:00\",\"dateModified\":\"2025-04-16T13:32:02+00:00\",\"breadcrumb\":{\"@id\":\"http:\/\/astrenya.com\/contact\/#breadcrumb\"},\"inLanguage\":\"es\",\"potentialAction\":[{\"@type\":\"ReadAction\",\"target\":[\"http:\/\/astrenya.com\/contact\/\"]}]},{\"@type\":\"ImageObject\",\"inLanguage\":\"es\",\"@id\":\"http:\/\/astrenya.com\/contact\/#primaryimage\",\"url\":\"http:\/\/astrenya.com\/wp-content\/uploads\/2025\/04\/profile-picture-smaller.jpg\",\"contentUrl\":\"http:\/\/astrenya.com\/wp-content\/uploads\/2025\/04\/profile-picture-smaller.jpg\"},{\"@type\":\"BreadcrumbList\",\"@id\":\"http:\/\/astrenya.com\/contact\/#breadcrumb\",\"itemListElement\":[{\"@type\":\"ListItem\",\"position\":1,\"name\":\"Home\",\"item\":\"https:\/\/astrenya.com\/\"},{\"@type\":\"ListItem\",\"position\":2,\"name\":\"Contact\"}]},{\"@type\":\"WebSite\",\"@id\":\"https:\/\/astrenya.com\/#website\",\"url\":\"https:\/\/astrenya.com\/\",\"name\":\"Astrenya\",\"description\":\"The past, the now and the future\",\"publisher\":{\"@id\":\"https:\/\/astrenya.com\/#\/schema\/person\/d3a1a8d8dc645e3aaa5ed5f40b0b676c\"},\"potentialAction\":[{\"@type\":\"SearchAction\",\"target\":{\"@type\":\"EntryPoint\",\"urlTemplate\":\"https:\/\/astrenya.com\/?s={search_term_string}\"},\"query-input\":{\"@type\":\"PropertyValueSpecification\",\"valueRequired\":true,\"valueName\":\"search_term_string\"}}],\"inLanguage\":\"es\"},{\"@type\":[\"Person\",\"Organization\"],\"@id\":\"https:\/\/astrenya.com\/#\/schema\/person\/d3a1a8d8dc645e3aaa5ed5f40b0b676c\",\"name\":\"Ada\",\"image\":{\"@type\":\"ImageObject\",\"inLanguage\":\"es\",\"@id\":\"https:\/\/astrenya.com\/#\/schema\/person\/image\/\",\"url\":\"http:\/\/astrenya.com\/wp-content\/uploads\/2025\/04\/cropped-profile-picture-ada-96x96.jpg\",\"contentUrl\":\"http:\/\/astrenya.com\/wp-content\/uploads\/2025\/04\/cropped-profile-picture-ada-96x96.jpg\",\"caption\":\"Ada\"},\"logo\":{\"@id\":\"https:\/\/astrenya.com\/#\/schema\/person\/image\/\"},\"description\":\"Hi, I'm a Ada! A European woman living in the US with a lifelong fascination for the mystical. Over the years, I've explored tarot, palmistry, and various spiritual practices, always seeking deeper understanding and connection. This site is a reflection of that journey\u2014a place where I share insights, experiences, and guidance. A place to connect with like-minded people.\",\"sameAs\":[\"http:\/\/astrenya.com\"]}]}<\/script>\n<!-- \/ Yoast SEO plugin. -->","yoast_head_json":{"title":"Contacto - Astrenya","robots":{"index":"index","follow":"follow","max-snippet":"max-snippet:-1","max-image-preview":"max-image-preview:large","max-video-preview":"max-video-preview:-1"},"canonical":"http:\/\/astrenya.com\/es\/pongase-en-contacto-con\/","og_locale":"es_ES","og_type":"article","og_title":"Contact - Astrenya","og_description":"Name* Email* Subject* Your Message* Send Message Contact Me Feel free to contact me. I always love to get feedback about my site or articles. If you have an original&hellip;","og_url":"http:\/\/astrenya.com\/es\/pongase-en-contacto-con\/","og_site_name":"Astrenya","article_modified_time":"2025-04-16T13:32:02+00:00","og_image":[{"url":"http:\/\/astrenya.com\/wp-content\/uploads\/2025\/04\/profile-picture-smaller.jpg","type":"","width":"","height":""}],"twitter_card":"summary_large_image","schema":{"@context":"https:\/\/schema.org","@graph":[{"@type":"WebPage","@id":"http:\/\/astrenya.com\/contact\/","url":"http:\/\/astrenya.com\/contact\/","name":"Contacto - Astrenya","isPartOf":{"@id":"https:\/\/astrenya.com\/#website"},"primaryImageOfPage":{"@id":"http:\/\/astrenya.com\/contact\/#primaryimage"},"image":{"@id":"http:\/\/astrenya.com\/contact\/#primaryimage"},"thumbnailUrl":"http:\/\/astrenya.com\/wp-content\/uploads\/2025\/04\/profile-picture-smaller.jpg","datePublished":"2025-04-15T13:28:13+00:00","dateModified":"2025-04-16T13:32:02+00:00","breadcrumb":{"@id":"http:\/\/astrenya.com\/contact\/#breadcrumb"},"inLanguage":"es","potentialAction":[{"@type":"ReadAction","target":["http:\/\/astrenya.com\/contact\/"]}]},{"@type":"ImageObject","inLanguage":"es","@id":"http:\/\/astrenya.com\/contact\/#primaryimage","url":"http:\/\/astrenya.com\/wp-content\/uploads\/2025\/04\/profile-picture-smaller.jpg","contentUrl":"http:\/\/astrenya.com\/wp-content\/uploads\/2025\/04\/profile-picture-smaller.jpg"},{"@type":"BreadcrumbList","@id":"http:\/\/astrenya.com\/contact\/#breadcrumb","itemListElement":[{"@type":"ListItem","position":1,"name":"Home","item":"https:\/\/astrenya.com\/"},{"@type":"ListItem","position":2,"name":"Contact"}]},{"@type":"WebSite","@id":"https:\/\/astrenya.com\/#website","url":"https:\/\/astrenya.com\/","name":"Astrenya","description":"El pasado, el presente y el futuro","publisher":{"@id":"https:\/\/astrenya.com\/#\/schema\/person\/d3a1a8d8dc645e3aaa5ed5f40b0b676c"},"potentialAction":[{"@type":"SearchAction","target":{"@type":"EntryPoint","urlTemplate":"https:\/\/astrenya.com\/?s={search_term_string}"},"query-input":{"@type":"PropertyValueSpecification","valueRequired":true,"valueName":"search_term_string"}}],"inLanguage":"es"},{"@type":["Person","Organization"],"@id":"https:\/\/astrenya.com\/#\/schema\/person\/d3a1a8d8dc645e3aaa5ed5f40b0b676c","name":"Ada","image":{"@type":"ImageObject","inLanguage":"es","@id":"https:\/\/astrenya.com\/#\/schema\/person\/image\/","url":"http:\/\/astrenya.com\/wp-content\/uploads\/2025\/04\/cropped-profile-picture-ada-96x96.jpg","contentUrl":"http:\/\/astrenya.com\/wp-content\/uploads\/2025\/04\/cropped-profile-picture-ada-96x96.jpg","caption":"Ada"},"logo":{"@id":"https:\/\/astrenya.com\/#\/schema\/person\/image\/"},"description":"Hola, soy Ada. Una mujer europea que vive en los EE.UU. con una fascinaci\u00f3n de toda la vida por lo m\u00edstico. A lo largo de los a\u00f1os, he explorado el tarot, la quiromancia y diversas pr\u00e1cticas espirituales, siempre en busca de una comprensi\u00f3n y una conexi\u00f3n m\u00e1s profundas. Este sitio es un reflejo de ese viaje, un lugar donde comparto ideas, experiencias y orientaci\u00f3n. Un lugar para conectar con personas de ideas afines.","sameAs":["http:\/\/astrenya.com"]}]}},"_links":{"self":[{"href":"https:\/\/astrenya.com\/es\/wp-json\/wp\/v2\/pages\/707","targetHints":{"allow":["GET"]}}],"collection":[{"href":"https:\/\/astrenya.com\/es\/wp-json\/wp\/v2\/pages"}],"about":[{"href":"https:\/\/astrenya.com\/es\/wp-json\/wp\/v2\/types\/page"}],"author":[{"embeddable":true,"href":"https:\/\/astrenya.com\/es\/wp-json\/wp\/v2\/users\/1"}],"replies":[{"embeddable":true,"href":"https:\/\/astrenya.com\/es\/wp-json\/wp\/v2\/comments?post=707"}],"version-history":[{"count":0,"href":"https:\/\/astrenya.com\/es\/wp-json\/wp\/v2\/pages\/707\/revisions"}],"wp:attachment":[{"href":"https:\/\/astrenya.com\/es\/wp-json\/wp\/v2\/media?parent=707"}],"curies":[{"name":"wp","href":"https:\/\/api.w.org\/{rel}","templated":true}]}}